{"id":368,"date":"2023-03-17T14:00:26","date_gmt":"2023-03-17T13:00:26","guid":{"rendered":"https:\/\/communiquer-pnl.com\/?page_id=368"},"modified":"2023-08-31T15:29:21","modified_gmt":"2023-08-31T13:29:21","slug":"conditions-generales-de-vente","status":"publish","type":"page","link":"https:\/\/communiquer-pnl.com\/index.php\/conditions-generales-de-vente\/","title":{"rendered":"Conditions g\u00e9n\u00e9rales de vente"},"content":{"rendered":"\t\t<div data-elementor-type=\"wp-page\" data-elementor-id=\"368\" class=\"elementor elementor-368\">\n\t\t\t\t\t\t\t\t\t<section class=\"elementor-section elementor-top-section elementor-element elementor-element-53487b8 elementor-section-boxed elementor-section-height-default elementor-section-height-default\" data-id=\"53487b8\" data-element_type=\"section\">\n\t\t\t\t\t\t<div class=\"elementor-container elementor-column-gap-default\">\n\t\t\t\t\t<div class=\"elementor-column elementor-col-100 elementor-top-column elementor-element elementor-element-7646a80\" data-id=\"7646a80\" data-element_type=\"column\">\n\t\t\t<div class=\"elementor-widget-wrap elementor-element-populated\">\n\t\t\t\t\t\t\t\t<div class=\"elementor-element elementor-element-ee49ca8 elementor-widget elementor-widget-text-editor\" data-id=\"ee49ca8\" data-element_type=\"widget\" data-widget_type=\"text-editor.default\">\n\t\t\t\t<div class=\"elementor-widget-container\">\n\t\t\t<style>\/*! elementor - v3.12.0 - 29-03-2023 *\/\n.elementor-widget-text-editor.elementor-drop-cap-view-stacked .elementor-drop-cap{background-color:#69727d;color:#fff}.elementor-widget-text-editor.elementor-drop-cap-view-framed .elementor-drop-cap{color:#69727d;border:3px solid;background-color:transparent}.elementor-widget-text-editor:not(.elementor-drop-cap-view-default) .elementor-drop-cap{margin-top:8px}.elementor-widget-text-editor:not(.elementor-drop-cap-view-default) .elementor-drop-cap-letter{width:1em;height:1em}.elementor-widget-text-editor .elementor-drop-cap{float:left;text-align:center;line-height:1;font-size:50px}.elementor-widget-text-editor .elementor-drop-cap-letter{display:inline-block}<\/style>\t\t\t\t<p><b>CONDITIONS GENERALES DE VENTE : MODALIT\u00c9S DANS LE CAS D\u2019UNE INSCRIPTION \u00c0 TITRE PARTICULIER OU PAR UNE ENTREPRISE<\/b><\/p><p>Les pr\u00e9sentes conditions g\u00e9n\u00e9rales de vente s\u2019appliquent \u00e0 toutes les formations dispens\u00e9es par ECPNL. Toute r\u00e9servation de formation implique l\u2019acceptation sans r\u00e9serve des pr\u00e9sentes conditions g\u00e9n\u00e9rales de vente.\u00a0<\/p><p>MODALIT\u00c9S D\u2019INSCRIPTION :\u00a0A la r\u00e9ception du bulletin d\u2019inscription (pour les particuliers) et du devis (pour les entreprises), ECPNL\u00a0\u00a0adresse au Client (particulier ou entreprise) une convention de formation \u00e0 retourner sign\u00e9e accompagn\u00e9e de l\u2019acompte pr\u00e9vu. L\u2019acceptation de ECPNL est conditionn\u00e9e par le r\u00e8glement de l\u2019acompte et par le retour de la convention sign\u00e9e. L\u2019entreprise peut substituer un autre salari\u00e9 apr\u00e8s en avoir inform\u00e9 ECPNL. ECPNL adressera une convocation avec les informations pratiques 8 jours avant le d\u00e9but de la formation. Une attestation de pr\u00e9sence sera envoy\u00e9e \u00e0 la fin de la formation.\u00a0<\/p><p>MODALIT\u00c9S DE R\u00c8GLEMENT :\u00a0L\u2019acompte, de 30% du montant de la convention, est \u00e0 payer par ch\u00e8que ou virement. Un \u00e9ch\u00e9ancier de paiement peut \u00eatre propos\u00e9 sur demande.\u00a0<\/p><p>PRIX :\u00a0Toute formation commenc\u00e9e est due en totalit\u00e9 \u00e0 l\u2019exception des cas de force majeure ci-dessous expos\u00e9s. Les tarifs figurant dans le catalogue, sont en vigueur pour les dates figurant dans ce dernier.\u00a0Les tarifs ne sont pas soumis \u00e0 la TVA (Art. 261 4-4 du C.G.I.).\u00a0<\/p><p>D\u00c9LAI DE R\u00c9FLEXION :\u00a0Le Client dispose, en vertu de l\u2019article L6353-6 du Code du Travail, d\u2019un d\u00e9lai de r\u00e9flexion de dix jours, \u00e0 compter de la signature du contrat de formation, pour se r\u00e9tracter par lettre recommand\u00e9e avec avis de r\u00e9ception adress\u00e9e \u00e0 ECPNL, 226 quai Pierre de Bayard,73000 Chamb\u00e9ry.<\/p><p>ANNULATION PAR LE CLIENT :\u00a0En cas d\u2019annulation formalis\u00e9e par \u00e9crit (lettre ou mail \u00e0\u00a0<a href=\"mailto:contact@communiquer-pnl.com\">contact@communiquer-pnl.com<\/a>), moins de 10 jours avant le d\u00e9but de la formation et apr\u00e8s le d\u00e9lai de dix jours de r\u00e9flexion, 30 % du co\u00fbt de la formation faisant l\u2019objet de la convention resteront acquis \u00e0 ECPNL \u00e0 titre d\u2019indemnit\u00e9 forfaitaire. Il est rappel\u00e9 que tout(e) parcours, module ou formation commenc\u00e9(e) est du(e) dans son int\u00e9gralit\u00e9.\u00a0<\/p><p>FORCE MAJEURE, REPORT :\u00a0En cas d\u2019interruption ou d\u2019annulation pour force majeure d\u00fbment reconnue, le Stagiaire pourra reprendre ou continuer sa formation dans un autre cycle sans co\u00fbt suppl\u00e9mentaire ou bien mettre fin au contrat. Dans ce cas de rupture du contrat, seules les prestations effectivement dispens\u00e9es sont dues en proportion de leur valeur pr\u00e9vue au contrat. Dans ce cas, le Client devra informer ECPNL dans les plus brefs d\u00e9lais, d\u00e8s la survenance de l\u2019\u00e9v\u00e8nement de force majeure en rappelant les circonstances rencontr\u00e9es. Le contrat sera consid\u00e9r\u00e9 annul\u00e9 d\u00e8s que ECPNL aura d\u00fbment constat\u00e9 le cas de force majeure, seule la partie r\u00e9alis\u00e9e de la formation pr\u00e9vue sera due.\u00a0<\/p><p>REPORT OU ANNULATION PAR ECPNL :\u00a0Si le nombre de participants est jug\u00e9 p\u00e9dagogiquement insuffisant, ECPNL\u00a0\u00a0se r\u00e9serve le droit d\u2019ajourner le module dix jours avant la date pr\u00e9vue. Dans ce cas, l\u2019acompte reste acquis pour la nouvelle date de formation. Dans le cas d\u2019une annulation, les montants vers\u00e9s seront rembours\u00e9s int\u00e9gralement dans un d\u00e9lai de 30 jours.\u00a0<\/p><p>ACC\u00c8S AUX SALLES DE FORMATION EN CAS DE MOBILIT\u00c9 R\u00c9DUITE :\u00a0Le cas \u00e9ch\u00e9ant, le Client signalera ce besoin lors de l\u2019inscription, afin d\u2019anticiper les \u00e9ventuelles adaptations d\u2019organisation n\u00e9cessaires.\u00a0<\/p><p>PROPRI\u00c9T\u00c9 INTELLECTUELLE :\u00a0L\u2019utilisation des documents remis est soumise aux respects du code de la Propri\u00e9t\u00e9 Intellectuelle.\u00a0<\/p><p>INFORMATIQUE ET LIBERTES : Les informations \u00e0 caract\u00e8re personnel communiqu\u00e9es par le client \u00e0 ECPNL sont utiles pour les traitement de l&rsquo;inscription ainsi que pour la constitution d&rsquo;un fichier client\u00e8le pour les prospections commerciales de ECPNL. Suivant la loi \u00ab\u00a0informatique et libert\u00e9s\u00a0\u00bb du 6 janvier 1978, le client dispose d&rsquo;un droit d&rsquo;acc\u00e8s, de rectification et d&rsquo;opposition des donn\u00e9es personnelles le concernant.\u00a0<\/p><p>ATTRIBUTION DE COMP\u00c9TENCES :\u00a0Les contrats et conventions \u00e9mises par ECPNL\u00a0\u00a0sont soumis au droit franc\u0327ais. En cas de litige survenant entre ECPNL et le client, la recherche d&rsquo;une solution amiable sera privil\u00e9gi\u00e9e. L\u2019\u00e9lection de domicile se fait par l\u2019adresse du si\u00e8ge social de ECPNL, en cas de contestation le tribunal de commerce du si\u00e8ge social est seul comp\u00e9tent quel que soit le si\u00e8ge ou le lieu de r\u00e9sidence du client.\u00a0<\/p><p>RESPONSABILIT\u00c9S :\u00a0ECPNL s\u2019engage \u00e0 r\u00e9aliser les prestations de formation avec tout le soin et la comp\u00e9tence dont elle dispose et dans le cadre d\u2019une obligation de moyens. Sans pr\u00e9judice de ce qui pr\u00e9c\u00e8de la\u00a0responsabilit\u00e9 de ECPNL, dans l\u2019hypoth\u00e8se o\u00f9 elle serait mise en jeu au titre des prestations de formation, est express\u00e9ment limit\u00e9e au prix effectivement acquitt\u00e9 par le Client au titre de la prestation de formation concern\u00e9e.\u00a0<\/p><p>\u00a0<\/p><p>\u00a0<\/p>\t\t\t\t\t\t<\/div>\n\t\t\t\t<\/div>\n\t\t\t\t\t<\/div>\n\t\t<\/div>\n\t\t\t\t\t\t\t<\/div>\n\t\t<\/section>\n\t\t\t\t\t\t\t<\/div>\n\t\t","protected":false},"excerpt":{"rendered":"<p>CONDITIONS GENERALES DE VENTE : MODALIT\u00c9S DANS LE CAS D\u2019UNE INSCRIPTION \u00c0 TITRE PARTICULIER OU PAR UNE ENTREPRISE Les pr\u00e9sentes conditions g\u00e9n\u00e9rales de vente s\u2019appliquent \u00e0 toutes les formations dispens\u00e9es par ECPNL. Toute r\u00e9servation de formation implique l\u2019acceptation sans r\u00e9serve des pr\u00e9sentes conditions g\u00e9n\u00e9rales de vente.\u00a0 MODALIT\u00c9S D\u2019INSCRIPTION :\u00a0A la r\u00e9ception du bulletin d\u2019inscription (pour [&hellip;]<\/p>\n","protected":false},"author":1,"featured_media":0,"parent":0,"menu_order":0,"comment_status":"closed","ping_status":"closed","template":"","meta":{"footnotes":""},"class_list":["post-368","page","type-page","status-publish","hentry"],"acf":[],"yoast_head":"<!-- This site is optimized with the Yoast SEO plugin v20.4 - https:\/\/yoast.com\/wordpress\/plugins\/seo\/ -->\n<title>Conditions g\u00e9n\u00e9rales de vente - communiquer-pnl<\/title>\n<meta name=\"robots\" content=\"index, follow, max-snippet:-1, max-image-preview:large, max-video-preview:-1\" \/>\n<link rel=\"canonical\" href=\"https:\/\/communiquer-pnl.com\/index.php\/conditions-generales-de-vente\/\" \/>\n<meta property=\"og:locale\" content=\"fr_FR\" \/>\n<meta property=\"og:type\" content=\"article\" \/>\n<meta property=\"og:title\" content=\"Conditions g\u00e9n\u00e9rales de vente - communiquer-pnl\" \/>\n<meta property=\"og:description\" content=\"CONDITIONS GENERALES DE VENTE : MODALIT\u00c9S DANS LE CAS D\u2019UNE INSCRIPTION \u00c0 TITRE PARTICULIER OU PAR UNE ENTREPRISE Les pr\u00e9sentes conditions g\u00e9n\u00e9rales de vente s\u2019appliquent \u00e0 toutes les formations dispens\u00e9es par ECPNL. Toute r\u00e9servation de formation implique l\u2019acceptation sans r\u00e9serve des pr\u00e9sentes conditions g\u00e9n\u00e9rales de vente.\u00a0 MODALIT\u00c9S D\u2019INSCRIPTION :\u00a0A la r\u00e9ception du bulletin d\u2019inscription (pour [&hellip;]\" \/>\n<meta property=\"og:url\" content=\"https:\/\/communiquer-pnl.com\/index.php\/conditions-generales-de-vente\/\" \/>\n<meta property=\"og:site_name\" content=\"communiquer-pnl\" \/>\n<meta property=\"article:modified_time\" content=\"2023-08-31T13:29:21+00:00\" \/>\n<meta name=\"twitter:card\" content=\"summary_large_image\" \/>\n<meta name=\"twitter:label1\" content=\"Dur\u00e9e de lecture estim\u00e9e\" \/>\n\t<meta name=\"twitter:data1\" content=\"4 minutes\" \/>\n<script type=\"application\/ld+json\" class=\"yoast-schema-graph\">{\"@context\":\"https:\/\/schema.org\",\"@graph\":[{\"@type\":\"WebPage\",\"@id\":\"https:\/\/communiquer-pnl.com\/index.php\/conditions-generales-de-vente\/\",\"url\":\"https:\/\/communiquer-pnl.com\/index.php\/conditions-generales-de-vente\/\",\"name\":\"Conditions g\u00e9n\u00e9rales de vente - communiquer-pnl\",\"isPartOf\":{\"@id\":\"https:\/\/communiquer-pnl.com\/#website\"},\"datePublished\":\"2023-03-17T13:00:26+00:00\",\"dateModified\":\"2023-08-31T13:29:21+00:00\",\"breadcrumb\":{\"@id\":\"https:\/\/communiquer-pnl.com\/index.php\/conditions-generales-de-vente\/#breadcrumb\"},\"inLanguage\":\"fr-FR\",\"potentialAction\":[{\"@type\":\"ReadAction\",\"target\":[\"https:\/\/communiquer-pnl.com\/index.php\/conditions-generales-de-vente\/\"]}]},{\"@type\":\"BreadcrumbList\",\"@id\":\"https:\/\/communiquer-pnl.com\/index.php\/conditions-generales-de-vente\/#breadcrumb\",\"itemListElement\":[{\"@type\":\"ListItem\",\"position\":1,\"name\":\"Accueil\",\"item\":\"https:\/\/communiquer-pnl.com\/\"},{\"@type\":\"ListItem\",\"position\":2,\"name\":\"Conditions g\u00e9n\u00e9rales de vente\"}]},{\"@type\":\"WebSite\",\"@id\":\"https:\/\/communiquer-pnl.com\/#website\",\"url\":\"https:\/\/communiquer-pnl.com\/\",\"name\":\"communiquer-pnl\",\"description\":\"\",\"publisher\":{\"@id\":\"https:\/\/communiquer-pnl.com\/#organization\"},\"potentialAction\":[{\"@type\":\"SearchAction\",\"target\":{\"@type\":\"EntryPoint\",\"urlTemplate\":\"https:\/\/communiquer-pnl.com\/?s={search_term_string}\"},\"query-input\":\"required name=search_term_string\"}],\"inLanguage\":\"fr-FR\"},{\"@type\":\"Organization\",\"@id\":\"https:\/\/communiquer-pnl.com\/#organization\",\"name\":\"communiquer-pnl\",\"url\":\"https:\/\/communiquer-pnl.com\/\",\"logo\":{\"@type\":\"ImageObject\",\"inLanguage\":\"fr-FR\",\"@id\":\"https:\/\/communiquer-pnl.com\/#\/schema\/logo\/image\/\",\"url\":\"https:\/\/communiquer-pnl.com\/wp-content\/uploads\/2023\/03\/ecpnl.jpg\",\"contentUrl\":\"https:\/\/communiquer-pnl.com\/wp-content\/uploads\/2023\/03\/ecpnl.jpg\",\"width\":150,\"height\":46,\"caption\":\"communiquer-pnl\"},\"image\":{\"@id\":\"https:\/\/communiquer-pnl.com\/#\/schema\/logo\/image\/\"}}]}<\/script>\n<!-- \/ Yoast SEO plugin. -->","yoast_head_json":{"title":"Conditions g\u00e9n\u00e9rales de vente - communiquer-pnl","robots":{"index":"index","follow":"follow","max-snippet":"max-snippet:-1","max-image-preview":"max-image-preview:large","max-video-preview":"max-video-preview:-1"},"canonical":"https:\/\/communiquer-pnl.com\/index.php\/conditions-generales-de-vente\/","og_locale":"fr_FR","og_type":"article","og_title":"Conditions g\u00e9n\u00e9rales de vente - communiquer-pnl","og_description":"CONDITIONS GENERALES DE VENTE : MODALIT\u00c9S DANS LE CAS D\u2019UNE INSCRIPTION \u00c0 TITRE PARTICULIER OU PAR UNE ENTREPRISE Les pr\u00e9sentes conditions g\u00e9n\u00e9rales de vente s\u2019appliquent \u00e0 toutes les formations dispens\u00e9es par ECPNL. Toute r\u00e9servation de formation implique l\u2019acceptation sans r\u00e9serve des pr\u00e9sentes conditions g\u00e9n\u00e9rales de vente.\u00a0 MODALIT\u00c9S D\u2019INSCRIPTION :\u00a0A la r\u00e9ception du bulletin d\u2019inscription (pour [&hellip;]","og_url":"https:\/\/communiquer-pnl.com\/index.php\/conditions-generales-de-vente\/","og_site_name":"communiquer-pnl","article_modified_time":"2023-08-31T13:29:21+00:00","twitter_card":"summary_large_image","twitter_misc":{"Dur\u00e9e de lecture estim\u00e9e":"4 minutes"},"schema":{"@context":"https:\/\/schema.org","@graph":[{"@type":"WebPage","@id":"https:\/\/communiquer-pnl.com\/index.php\/conditions-generales-de-vente\/","url":"https:\/\/communiquer-pnl.com\/index.php\/conditions-generales-de-vente\/","name":"Conditions g\u00e9n\u00e9rales de vente - communiquer-pnl","isPartOf":{"@id":"https:\/\/communiquer-pnl.com\/#website"},"datePublished":"2023-03-17T13:00:26+00:00","dateModified":"2023-08-31T13:29:21+00:00","breadcrumb":{"@id":"https:\/\/communiquer-pnl.com\/index.php\/conditions-generales-de-vente\/#breadcrumb"},"inLanguage":"fr-FR","potentialAction":[{"@type":"ReadAction","target":["https:\/\/communiquer-pnl.com\/index.php\/conditions-generales-de-vente\/"]}]},{"@type":"BreadcrumbList","@id":"https:\/\/communiquer-pnl.com\/index.php\/conditions-generales-de-vente\/#breadcrumb","itemListElement":[{"@type":"ListItem","position":1,"name":"Accueil","item":"https:\/\/communiquer-pnl.com\/"},{"@type":"ListItem","position":2,"name":"Conditions g\u00e9n\u00e9rales de vente"}]},{"@type":"WebSite","@id":"https:\/\/communiquer-pnl.com\/#website","url":"https:\/\/communiquer-pnl.com\/","name":"communiquer-pnl","description":"","publisher":{"@id":"https:\/\/communiquer-pnl.com\/#organization"},"potentialAction":[{"@type":"SearchAction","target":{"@type":"EntryPoint","urlTemplate":"https:\/\/communiquer-pnl.com\/?s={search_term_string}"},"query-input":"required name=search_term_string"}],"inLanguage":"fr-FR"},{"@type":"Organization","@id":"https:\/\/communiquer-pnl.com\/#organization","name":"communiquer-pnl","url":"https:\/\/communiquer-pnl.com\/","logo":{"@type":"ImageObject","inLanguage":"fr-FR","@id":"https:\/\/communiquer-pnl.com\/#\/schema\/logo\/image\/","url":"https:\/\/communiquer-pnl.com\/wp-content\/uploads\/2023\/03\/ecpnl.jpg","contentUrl":"https:\/\/communiquer-pnl.com\/wp-content\/uploads\/2023\/03\/ecpnl.jpg","width":150,"height":46,"caption":"communiquer-pnl"},"image":{"@id":"https:\/\/communiquer-pnl.com\/#\/schema\/logo\/image\/"}}]}},"_links":{"self":[{"href":"https:\/\/communiquer-pnl.com\/index.php\/wp-json\/wp\/v2\/pages\/368","targetHints":{"allow":["GET"]}}],"collection":[{"href":"https:\/\/communiquer-pnl.com\/index.php\/wp-json\/wp\/v2\/pages"}],"about":[{"href":"https:\/\/communiquer-pnl.com\/index.php\/wp-json\/wp\/v2\/types\/page"}],"author":[{"embeddable":true,"href":"https:\/\/communiquer-pnl.com\/index.php\/wp-json\/wp\/v2\/users\/1"}],"replies":[{"embeddable":true,"href":"https:\/\/communiquer-pnl.com\/index.php\/wp-json\/wp\/v2\/comments?post=368"}],"version-history":[{"count":10,"href":"https:\/\/communiquer-pnl.com\/index.php\/wp-json\/wp\/v2\/pages\/368\/revisions"}],"predecessor-version":[{"id":1258,"href":"https:\/\/communiquer-pnl.com\/index.php\/wp-json\/wp\/v2\/pages\/368\/revisions\/1258"}],"wp:attachment":[{"href":"https:\/\/communiquer-pnl.com\/index.php\/wp-json\/wp\/v2\/media?parent=368"}],"curies":[{"name":"wp","href":"https:\/\/api.w.org\/{rel}","templated":true}]}}